{"id":8,"date":"2026-04-15T09:14:55","date_gmt":"2026-04-15T07:14:55","guid":{"rendered":"https:\/\/lebug.fr\/?page_id=8"},"modified":"2026-04-15T09:56:48","modified_gmt":"2026-04-15T07:56:48","slug":"accueil","status":"publish","type":"page","link":"https:\/\/lebug.fr\/","title":{"rendered":"Accueil"},"content":{"rendered":"\n<div class=\"wp-block-group alignfull is-style-section-1 is-layout-constrained wp-block-group-is-layout-constrained\" style=\"margin-top:0;margin-bottom:0;padding-top:var(--wp--preset--spacing--60);padding-bottom:var(--wp--preset--spacing--60)\">\n<div class=\"wp-block-columns alignwide is-layout-flex wp-container-core-columns-is-layout-643ced6b wp-block-columns-is-layout-flex\">\n<div class=\"wp-block-column is-layout-flow wp-block-column-is-layout-flow\" style=\"flex-basis:40%\">\n<figure class=\"wp-block-image size-full\"><img fetchpriority=\"high\" decoding=\"async\" width=\"1024\" height=\"726\" src=\"https:\/\/lebug.fr\/wp-content\/uploads\/2026\/04\/Design-sans-titre-1024x726-1.jpg\" alt=\"\" class=\"wp-image-10\" srcset=\"https:\/\/lebug.fr\/wp-content\/uploads\/2026\/04\/Design-sans-titre-1024x726-1.jpg 1024w, https:\/\/lebug.fr\/wp-content\/uploads\/2026\/04\/Design-sans-titre-1024x726-1-300x213.jpg 300w, https:\/\/lebug.fr\/wp-content\/uploads\/2026\/04\/Design-sans-titre-1024x726-1-768x545.jpg 768w\" sizes=\"(max-width: 1024px) 100vw, 1024px\" \/><\/figure>\n<\/div>\n\n\n\n<div class=\"wp-block-column is-vertically-aligned-center is-layout-flow wp-container-core-column-is-layout-119bc444 wp-block-column-is-layout-flow\" style=\"flex-basis:60%\">\n<h2 class=\"wp-block-heading has-xx-large-font-size\">Le BUG : espace culturel<\/h2>\n\n\n\n<p>Lieu associant et f\u00e9d\u00e9rant divers organes d&rsquo;activit\u00e9s pour la mise en \u0153uvre de projets culturels et \u00e9v\u00e9nementiels. Elle s\u2019aligne dans une dynamique de territoire.<\/p>\n\n\n\n<p>Le bug est un espace d\u00e9di\u00e9 \u00e0 la culture, \u00e0 l&rsquo;art visant \u00e0 promouvoir la cr\u00e9ativit\u00e9 et les \u00e9changes. <strong>Organisez vos \u00e9v\u00e8nements chez nous !&nbsp; <\/strong><\/p>\n\n\n\n<div class=\"wp-block-group is-vertical is-layout-flex wp-container-core-group-is-layout-41e20069 wp-block-group-is-layout-flex\">\n<h3 class=\"wp-block-heading has-small-font-size\" style=\"font-style:normal;font-weight:600;letter-spacing:1px;text-transform:uppercase\">Abonnez-vous sur votre plateforme pr\u00e9f\u00e9r\u00e9e<\/h3>\n\n\n\n<div class=\"wp-block-group is-layout-flex wp-block-group-is-layout-flex\">\n<p class=\"is-style-text-annotation\"><a href=\"#\">YouTube<\/a><\/p>\n\n\n\n<p class=\"is-style-text-annotation\"><a href=\"#\">Apple Podcasts<\/a><\/p>\n\n\n\n<p class=\"is-style-text-annotation\"><a href=\"#\">Spotify<\/a><\/p>\n\n\n\n<p class=\"is-style-text-annotation\"><a href=\"#\">Pocket Casts<\/a><\/p>\n\n\n\n<p class=\"is-style-text-annotation\"><a href=\"#\">RSS<\/a><\/p>\n<\/div>\n<\/div>\n<\/div>\n<\/div>\n<\/div>\n\n\n\n<div class=\"wp-block-group alignfull is-style-section-5 is-layout-constrained wp-block-group-is-layout-constrained\" style=\"margin-top:0;margin-bottom:0;padding-top:var(--wp--preset--spacing--50);padding-bottom:var(--wp--preset--spacing--50)\">\n<div class=\"wp-block-columns alignwide is-layout-flex wp-container-core-columns-is-layout-7ee84d44 wp-block-columns-is-layout-flex\">\n<div class=\"wp-block-column is-vertically-aligned-center is-layout-flow wp-block-column-is-layout-flow\" style=\"flex-basis:50%\">\n<h2 class=\"wp-block-heading\">Ev\u00e8nementiel<\/h2>\n\n\n\n<p class=\"has-medium-font-size\">Location lieu, organisation soir\u00e9e \u00e0 th\u00e8me, showroom, conf\u00e9rence, banquet spectacle, partenariat avec les associations et commerces locaux. <\/p>\n\n\n\n<h2 class=\"wp-block-heading has-medium-font-size\">Artistique <\/h2>\n\n\n\n<p class=\"has-medium-font-size\">Lieu de cr\u00e9ation (r\u00e9sidence artistique) et d\u2019exposition, de production et de diffusion d&rsquo;\u0153uvres. Soutien aux pratiques artistiques pour les professionnels et les amateurs, ambiance dansant seniors le dimanche apr\u00e8s midi. <\/p>\n\n\n\n<h2 class=\"wp-block-heading has-medium-font-size\">M\u00e9diation<\/h2>\n\n\n\n<p class=\"has-medium-font-size\">Sur place et hors les murs ateliers culturel et de pr\u00e9vention: Pr\u00e9vention violences scolaire, Pr\u00e9vention violences intra familiales, Ateliers culturels \u00e9galit\u00e9 femme-homme. Catalogue des ateliers dispo sur demande.&nbsp; <\/p>\n\n\n\n<h2 class=\"wp-block-heading has-medium-font-size\">Location saisonni\u00e8re<\/h2>\n\n\n\n<p class=\"has-medium-font-size\"> Faire d\u00e9couvrir la r\u00e9gion et proposer plusieurs formules d\u2019hebergements !<\/p>\n\n\n\n<p class=\"has-medium-font-size\"><strong>Le BUG n\u2019est pas seulement un lieu c\u2019est une plateforme culturelle.<\/strong><\/p>\n<\/div>\n\n\n\n<div class=\"wp-block-column is-vertically-aligned-center is-layout-flow wp-block-column-is-layout-flow\" style=\"flex-basis:50%\">\n<figure class=\"wp-block-image size-full\"><img decoding=\"async\" src=\"https:\/\/lebug.fr\/wp-content\/themes\/twentytwentyfive\/assets\/images\/ruins-image.webp\" alt=\"Cliff Palace, Colorado\" style=\"aspect-ratio:1;object-fit:cover\"\/><\/figure>\n<\/div>\n<\/div>\n<\/div>\n\n\n\n<div class=\"wp-block-group alignfull is-layout-constrained wp-container-core-group-is-layout-ebee8dc1 wp-block-group-is-layout-constrained\" style=\"margin-top:0;margin-bottom:0;padding-top:var(--wp--preset--spacing--50);padding-bottom:var(--wp--preset--spacing--50)\">\n<div class=\"wp-block-group alignwide is-content-justification-space-between is-layout-flex wp-container-core-group-is-layout-9366075c wp-block-group-is-layout-flex\">\n<h2 class=\"wp-block-heading alignwide has-text-align-left is-style-text-subtitle has-x-large-font-size\">\u00c9v\u00e9nements<\/h2>\n\n\n\n<p class=\"is-style-text-annotation\"><\/p>\n<\/div>\n\n\n\n<div class=\"wp-block-group alignwide is-layout-grid wp-container-core-group-is-layout-1ce758a5 wp-block-group-is-layout-grid\">\n<figure class=\"wp-block-video\"><\/figure>\n\n\n\n<figure class=\"wp-block-video\"><\/figure>\n\n\n\n<figure class=\"wp-block-video\"><\/figure>\n\n\n\n<figure class=\"wp-block-video\"><\/figure>\n\n\n\n<figure class=\"wp-block-video\"><\/figure>\n\n\n\n<figure class=\"wp-block-video\"><\/figure>\n<\/div>\n<\/div>\n\n\n\n<div class=\"wp-block-group alignfull is-style-section-1 is-layout-constrained wp-block-group-is-layout-constrained\" style=\"margin-top:0;margin-bottom:0;padding-top:var(--wp--preset--spacing--80);padding-bottom:var(--wp--preset--spacing--80)\">\n<h2 class=\"wp-block-heading has-text-align-center\">Photos<\/h2>\n\n\n\n<div style=\"height:var(--wp--preset--spacing--30)\" aria-hidden=\"true\" class=\"wp-block-spacer\"><\/div>\n\n\n\n<div class=\"wp-block-group alignwide is-content-justification-center is-layout-flex wp-container-core-group-is-layout-2c471116 wp-block-group-is-layout-flex\">\n\n\n\n\n\n\n\n<\/div>\n<\/div>\n\n\n\n<p><\/p>\n","protected":false},"excerpt":{"rendered":"<p>Le BUG : espace culturel Lieu associant et f\u00e9d\u00e9rant divers organes d&rsquo;activit\u00e9s pour la mise en \u0153uvre de projets culturels et \u00e9v\u00e9nementiels. Elle s\u2019aligne dans une dynamique de territoire. Le [&hellip;]<\/p>\n","protected":false},"author":2,"featured_media":0,"parent":0,"menu_order":0,"comment_status":"closed","ping_status":"closed","template":"","meta":{"site-sidebar-layout":"default","site-content-layout":"","ast-site-content-layout":"default","site-content-style":"default","site-sidebar-style":"default","ast-global-header-display":"","ast-banner-title-visibility":"","ast-main-header-display":"","ast-hfb-above-header-display":"","ast-hfb-below-header-display":"","ast-hfb-mobile-header-display":"","site-post-title":"","ast-breadcrumbs-content":"","ast-featured-img":"","footer-sml-layout":"","ast-disable-related-posts":"","theme-transparent-header-meta":"","adv-header-id-meta":"","stick-header-meta":"","header-above-stick-meta":"","header-main-stick-meta":"","header-below-stick-meta":"","astra-migrate-meta-layouts":"default","ast-page-background-enabled":"default","ast-page-background-meta":{"desktop":{"background-color":"var(--ast-global-color-5)","background-image":"","background-repeat":"repeat","background-position":"center center","background-size":"auto","background-attachment":"scroll","background-type":"","background-media":"","overlay-type":"","overlay-color":"","overlay-opacity":"","overlay-gradient":""},"tablet":{"background-color":"","background-image":"","background-repeat":"repeat","background-position":"center center","background-size":"auto","background-attachment":"scroll","background-type":"","background-media":"","overlay-type":"","overlay-color":"","overlay-opacity":"","overlay-gradient":""},"mobile":{"background-color":"","background-image":"","background-repeat":"repeat","background-position":"center center","background-size":"auto","background-attachment":"scroll","background-type":"","background-media":"","overlay-type":"","overlay-color":"","overlay-opacity":"","overlay-gradient":""}},"ast-content-background-meta":{"desktop":{"background-color":"var(--ast-global-color-4)","background-image":"","background-repeat":"repeat","background-position":"center center","background-size":"auto","background-attachment":"scroll","background-type":"","background-media":"","overlay-type":"","overlay-color":"","overlay-opacity":"","overlay-gradient":""},"tablet":{"background-color":"var(--ast-global-color-4)","background-image":"","background-repeat":"repeat","background-position":"center center","background-size":"auto","background-attachment":"scroll","background-type":"","background-media":"","overlay-type":"","overlay-color":"","overlay-opacity":"","overlay-gradient":""},"mobile":{"background-color":"var(--ast-global-color-4)","background-image":"","background-repeat":"repeat","background-position":"center center","background-size":"auto","background-attachment":"scroll","background-type":"","background-media":"","overlay-type":"","overlay-color":"","overlay-opacity":"","overlay-gradient":""}},"_themeisle_gutenberg_block_has_review":false,"footnotes":""},"class_list":["post-8","page","type-page","status-publish","hentry"],"yoast_head":"<!-- This site is optimized with the Yoast SEO plugin v27.4 - https:\/\/yoast.com\/product\/yoast-seo-wordpress\/ -->\n<title>Accueil - Le Bug<\/title>\n<meta name=\"robots\" content=\"index, follow, max-snippet:-1, max-image-preview:large, max-video-preview:-1\" \/>\n<link rel=\"canonical\" href=\"http:\/\/lebug.fr\/\" \/>\n<meta property=\"og:locale\" content=\"fr_FR\" \/>\n<meta property=\"og:type\" content=\"article\" \/>\n<meta property=\"og:title\" content=\"Accueil - Le Bug\" \/>\n<meta property=\"og:description\" content=\"Le BUG : espace culturel Lieu associant et f\u00e9d\u00e9rant divers organes d&rsquo;activit\u00e9s pour la mise en \u0153uvre de projets culturels et \u00e9v\u00e9nementiels. Elle s\u2019aligne dans une dynamique de territoire. Le [&hellip;]\" \/>\n<meta property=\"og:url\" content=\"http:\/\/lebug.fr\/\" \/>\n<meta property=\"og:site_name\" content=\"Le Bug\" \/>\n<meta property=\"article:modified_time\" content=\"2026-04-15T07:56:48+00:00\" \/>\n<meta property=\"og:image\" content=\"https:\/\/lebug.fr\/wp-content\/uploads\/2026\/04\/Design-sans-titre-1024x726-1.jpg\" \/>\n<meta name=\"twitter:card\" content=\"summary_large_image\" \/>\n<meta name=\"twitter:label1\" content=\"Dur\u00e9e de lecture estim\u00e9e\" \/>\n\t<meta name=\"twitter:data1\" content=\"3 minutes\" \/>\n<script type=\"application\/ld+json\" class=\"yoast-schema-graph\">{\"@context\":\"https:\\\/\\\/schema.org\",\"@graph\":[{\"@type\":\"WebPage\",\"@id\":\"http:\\\/\\\/lebug.fr\\\/\",\"url\":\"http:\\\/\\\/lebug.fr\\\/\",\"name\":\"Accueil - Le Bug\",\"isPartOf\":{\"@id\":\"http:\\\/\\\/lebug.fr\\\/#website\"},\"primaryImageOfPage\":{\"@id\":\"http:\\\/\\\/lebug.fr\\\/#primaryimage\"},\"image\":{\"@id\":\"http:\\\/\\\/lebug.fr\\\/#primaryimage\"},\"thumbnailUrl\":\"https:\\\/\\\/lebug.fr\\\/wp-content\\\/uploads\\\/2026\\\/04\\\/Design-sans-titre-1024x726-1.jpg\",\"datePublished\":\"2026-04-15T07:14:55+00:00\",\"dateModified\":\"2026-04-15T07:56:48+00:00\",\"breadcrumb\":{\"@id\":\"http:\\\/\\\/lebug.fr\\\/#breadcrumb\"},\"inLanguage\":\"fr-FR\",\"potentialAction\":[{\"@type\":\"ReadAction\",\"target\":[\"http:\\\/\\\/lebug.fr\\\/\"]}]},{\"@type\":\"ImageObject\",\"inLanguage\":\"fr-FR\",\"@id\":\"http:\\\/\\\/lebug.fr\\\/#primaryimage\",\"url\":\"https:\\\/\\\/lebug.fr\\\/wp-content\\\/uploads\\\/2026\\\/04\\\/Design-sans-titre-1024x726-1.jpg\",\"contentUrl\":\"https:\\\/\\\/lebug.fr\\\/wp-content\\\/uploads\\\/2026\\\/04\\\/Design-sans-titre-1024x726-1.jpg\",\"width\":1024,\"height\":726},{\"@type\":\"BreadcrumbList\",\"@id\":\"http:\\\/\\\/lebug.fr\\\/#breadcrumb\",\"itemListElement\":[{\"@type\":\"ListItem\",\"position\":1,\"name\":\"Accueil\",\"item\":\"http:\\\/\\\/lebug.fr\\\/\"},{\"@type\":\"ListItem\",\"position\":2,\"name\":\"Accueil\"}]},{\"@type\":\"WebSite\",\"@id\":\"http:\\\/\\\/lebug.fr\\\/#website\",\"url\":\"http:\\\/\\\/lebug.fr\\\/\",\"name\":\"Le Bug\",\"description\":\"\",\"publisher\":{\"@id\":\"http:\\\/\\\/lebug.fr\\\/#organization\"},\"potentialAction\":[{\"@type\":\"SearchAction\",\"target\":{\"@type\":\"EntryPoint\",\"urlTemplate\":\"http:\\\/\\\/lebug.fr\\\/?s={search_term_string}\"},\"query-input\":{\"@type\":\"PropertyValueSpecification\",\"valueRequired\":true,\"valueName\":\"search_term_string\"}}],\"inLanguage\":\"fr-FR\"},{\"@type\":\"Organization\",\"@id\":\"http:\\\/\\\/lebug.fr\\\/#organization\",\"name\":\"Le Bug\",\"url\":\"http:\\\/\\\/lebug.fr\\\/\",\"logo\":{\"@type\":\"ImageObject\",\"inLanguage\":\"fr-FR\",\"@id\":\"http:\\\/\\\/lebug.fr\\\/#\\\/schema\\\/logo\\\/image\\\/\",\"url\":\"https:\\\/\\\/lebug.fr\\\/wp-content\\\/uploads\\\/2026\\\/04\\\/BUG-5.png\",\"contentUrl\":\"https:\\\/\\\/lebug.fr\\\/wp-content\\\/uploads\\\/2026\\\/04\\\/BUG-5.png\",\"width\":336,\"height\":142,\"caption\":\"Le Bug\"},\"image\":{\"@id\":\"http:\\\/\\\/lebug.fr\\\/#\\\/schema\\\/logo\\\/image\\\/\"}}]}<\/script>\n<!-- \/ Yoast SEO plugin. -->","yoast_head_json":{"title":"Accueil - Le Bug","robots":{"index":"index","follow":"follow","max-snippet":"max-snippet:-1","max-image-preview":"max-image-preview:large","max-video-preview":"max-video-preview:-1"},"canonical":"http:\/\/lebug.fr\/","og_locale":"fr_FR","og_type":"article","og_title":"Accueil - Le Bug","og_description":"Le BUG : espace culturel Lieu associant et f\u00e9d\u00e9rant divers organes d&rsquo;activit\u00e9s pour la mise en \u0153uvre de projets culturels et \u00e9v\u00e9nementiels. Elle s\u2019aligne dans une dynamique de territoire. Le [&hellip;]","og_url":"http:\/\/lebug.fr\/","og_site_name":"Le Bug","article_modified_time":"2026-04-15T07:56:48+00:00","og_image":[{"url":"https:\/\/lebug.fr\/wp-content\/uploads\/2026\/04\/Design-sans-titre-1024x726-1.jpg","type":"","width":"","height":""}],"twitter_card":"summary_large_image","twitter_misc":{"Dur\u00e9e de lecture estim\u00e9e":"3 minutes"},"schema":{"@context":"https:\/\/schema.org","@graph":[{"@type":"WebPage","@id":"http:\/\/lebug.fr\/","url":"http:\/\/lebug.fr\/","name":"Accueil - Le Bug","isPartOf":{"@id":"http:\/\/lebug.fr\/#website"},"primaryImageOfPage":{"@id":"http:\/\/lebug.fr\/#primaryimage"},"image":{"@id":"http:\/\/lebug.fr\/#primaryimage"},"thumbnailUrl":"https:\/\/lebug.fr\/wp-content\/uploads\/2026\/04\/Design-sans-titre-1024x726-1.jpg","datePublished":"2026-04-15T07:14:55+00:00","dateModified":"2026-04-15T07:56:48+00:00","breadcrumb":{"@id":"http:\/\/lebug.fr\/#breadcrumb"},"inLanguage":"fr-FR","potentialAction":[{"@type":"ReadAction","target":["http:\/\/lebug.fr\/"]}]},{"@type":"ImageObject","inLanguage":"fr-FR","@id":"http:\/\/lebug.fr\/#primaryimage","url":"https:\/\/lebug.fr\/wp-content\/uploads\/2026\/04\/Design-sans-titre-1024x726-1.jpg","contentUrl":"https:\/\/lebug.fr\/wp-content\/uploads\/2026\/04\/Design-sans-titre-1024x726-1.jpg","width":1024,"height":726},{"@type":"BreadcrumbList","@id":"http:\/\/lebug.fr\/#breadcrumb","itemListElement":[{"@type":"ListItem","position":1,"name":"Accueil","item":"http:\/\/lebug.fr\/"},{"@type":"ListItem","position":2,"name":"Accueil"}]},{"@type":"WebSite","@id":"http:\/\/lebug.fr\/#website","url":"http:\/\/lebug.fr\/","name":"Le Bug","description":"","publisher":{"@id":"http:\/\/lebug.fr\/#organization"},"potentialAction":[{"@type":"SearchAction","target":{"@type":"EntryPoint","urlTemplate":"http:\/\/lebug.fr\/?s={search_term_string}"},"query-input":{"@type":"PropertyValueSpecification","valueRequired":true,"valueName":"search_term_string"}}],"inLanguage":"fr-FR"},{"@type":"Organization","@id":"http:\/\/lebug.fr\/#organization","name":"Le Bug","url":"http:\/\/lebug.fr\/","logo":{"@type":"ImageObject","inLanguage":"fr-FR","@id":"http:\/\/lebug.fr\/#\/schema\/logo\/image\/","url":"https:\/\/lebug.fr\/wp-content\/uploads\/2026\/04\/BUG-5.png","contentUrl":"https:\/\/lebug.fr\/wp-content\/uploads\/2026\/04\/BUG-5.png","width":336,"height":142,"caption":"Le Bug"},"image":{"@id":"http:\/\/lebug.fr\/#\/schema\/logo\/image\/"}}]}},"_links":{"self":[{"href":"https:\/\/lebug.fr\/index.php\/wp-json\/wp\/v2\/pages\/8","targetHints":{"allow":["GET"]}}],"collection":[{"href":"https:\/\/lebug.fr\/index.php\/wp-json\/wp\/v2\/pages"}],"about":[{"href":"https:\/\/lebug.fr\/index.php\/wp-json\/wp\/v2\/types\/page"}],"author":[{"embeddable":true,"href":"https:\/\/lebug.fr\/index.php\/wp-json\/wp\/v2\/users\/2"}],"replies":[{"embeddable":true,"href":"https:\/\/lebug.fr\/index.php\/wp-json\/wp\/v2\/comments?post=8"}],"version-history":[{"count":2,"href":"https:\/\/lebug.fr\/index.php\/wp-json\/wp\/v2\/pages\/8\/revisions"}],"predecessor-version":[{"id":316,"href":"https:\/\/lebug.fr\/index.php\/wp-json\/wp\/v2\/pages\/8\/revisions\/316"}],"wp:attachment":[{"href":"https:\/\/lebug.fr\/index.php\/wp-json\/wp\/v2\/media?parent=8"}],"curies":[{"name":"wp","href":"https:\/\/api.w.org\/{rel}","templated":true}]}}